{"id":12,"date":"2026-02-25T03:20:40","date_gmt":"2026-02-25T03:20:40","guid":{"rendered":"https:\/\/www.hipertension.mx\/?page_id=12"},"modified":"2026-02-28T04:18:53","modified_gmt":"2026-02-28T04:18:53","slug":"hipertension-arterial-y-salud-cardiometabolica","status":"publish","type":"page","link":"https:\/\/www.hipertension.mx\/","title":{"rendered":"Hipertensi\u00f3n arterial y\u00a0 Salud Cardiometab\u00f3lica"},"content":{"rendered":"\n<p><a><strong>\u201cNos ocupamos de los asuntos de tu coraz\u00f3n\u201d<\/strong><\/a><\/p>\n\n\n\n<p>Dedicados al cuidado del coraz\u00f3n con la misi\u00f3n de mejorar la prevenci\u00f3n, el diagn\u00f3stico y el tratamiento de las enfermedades cardiometab\u00f3licas: hipertensi\u00f3n arterial, prediabetes, diabetes mellitus tipo 2 y dislipidemias (Colesterol y triglic\u00e9ridos)<\/p>\n\n\n\n<p class=\"has-text-align-center has-text-color has-link-color has-medium-font-size wp-elements-00ae89a456fe8d4fcfce22702e0b0a76\" style=\"color:#026ba8;letter-spacing:2px\"><strong>C\u00f3mo medir la Presi\u00f3n Arterial<\/strong><\/p>\n\n\n\n<figure class=\"wp-block-gallery has-nested-images columns-default is-cropped wp-block-gallery-1 is-layout-flex wp-block-gallery-is-layout-flex\">\n<figure class=\"wp-block-image size-large\"><img loading=\"lazy\" decoding=\"async\" width=\"1024\" height=\"639\" data-id=\"32\" src=\"https:\/\/www.hipertension.mx\/wp-content\/uploads\/2026\/02\/PresionArterial-01-1024x639.png\" alt=\"\" class=\"wp-image-32\" srcset=\"https:\/\/www.hipertension.mx\/wp-content\/uploads\/2026\/02\/PresionArterial-01-1024x639.png 1024w, https:\/\/www.hipertension.mx\/wp-content\/uploads\/2026\/02\/PresionArterial-01-300x187.png 300w, https:\/\/www.hipertension.mx\/wp-content\/uploads\/2026\/02\/PresionArterial-01-768x480.png 768w, https:\/\/www.hipertension.mx\/wp-content\/uploads\/2026\/02\/PresionArterial-01-1536x959.png 1536w, https:\/\/www.hipertension.mx\/wp-content\/uploads\/2026\/02\/PresionArterial-01.png 1611w\" sizes=\"auto, (max-width: 767px) 89vw, (max-width: 1000px) 54vw, (max-width: 1071px) 543px, 580px\" \/><\/figure>\n\n\n\n<figure class=\"wp-block-image size-large\"><img loading=\"lazy\" decoding=\"async\" width=\"812\" height=\"720\" data-id=\"33\" src=\"https:\/\/www.hipertension.mx\/wp-content\/uploads\/2026\/02\/PresionArterial-02.jpg\" alt=\"\" class=\"wp-image-33\" srcset=\"https:\/\/www.hipertension.mx\/wp-content\/uploads\/2026\/02\/PresionArterial-02.jpg 812w, https:\/\/www.hipertension.mx\/wp-content\/uploads\/2026\/02\/PresionArterial-02-300x266.jpg 300w, https:\/\/www.hipertension.mx\/wp-content\/uploads\/2026\/02\/PresionArterial-02-768x681.jpg 768w\" sizes=\"auto, (max-width: 767px) 89vw, (max-width: 1000px) 54vw, (max-width: 1071px) 543px, 580px\" \/><\/figure>\n<\/figure>\n\n\n\n<p class=\"has-vivid-cyan-blue-color has-text-color has-link-color wp-elements-6c388fec0208f90c99e4055fccbf09f0\"><strong>Enfermedades cardiometab\u00f3licas<\/strong><\/p>\n\n\n\n<p class=\"has-text-color has-link-color has-large-font-size wp-elements-9dd4df526454e79040ad02a0be6825a7\" style=\"color:#015281\"><strong>\u00bfQu\u00e9 son las enfermedades cardiometab\u00f3licas?<\/strong><\/p>\n\n\n\n<p>Las enfermedades cardiometab\u00f3licas (ECM) son trastornos cardiacos y metab\u00f3licos que suelen desarrollarse en su mayor\u00eda por estilos de vida poco saludables, como la diabetes mellitus, hipertensi\u00f3n arterial, dislipidemia, sobrepeso y obesidad. Son la principal causa de muerte a nivel mundial, principalmente por las enfermedades del coraz\u00f3n y la diabetes mellitus.<\/p>\n\n\n\n<p>De acuerdo a la Encuesta Nacional de Salud y Nutrici\u00f3n (ENSANUT) 2022, En M\u00e9xico la prevalencia de sobrepeso y obesidad en adultos es del 75% y de la obesidad abdominal 81%. En esa misma encuesta, la prevalencia de hipertensi\u00f3n fue del 47% y de estos 65.5% (dos terceras partes) desconoc\u00eda su diagn\u00f3stico. Con la diabetes su prevalencia fue de 12.6% y de pre diabetes del 22.1%.<\/p>\n\n\n\n<p>Existen factores de riesgo metab\u00f3licos que provocan estas enfermedades, como son la obesidad abdominal, niveles altos de colesterol, glucosa y triglic\u00e9ridos, entre otros. Las ECM evolucionan al s\u00edndrome metab\u00f3lico y su base fisiopatol\u00f3gica se relaciona con la resistencia a la insulina, causante a su vez de muchas otras patolog\u00edas. Las estrategias para prevenir y tratar las ECM incluyen las modificaciones al estilo de vida, como es una dieta sana, incremento de la actividad f\u00edsica, mantener un peso saludable y tratamiento farmacol\u00f3gico, entre otras medidas .<\/p>\n\n\n\n<figure class=\"wp-block-image size-full is-resized\"><img loading=\"lazy\" decoding=\"async\" width=\"480\" height=\"640\" src=\"https:\/\/www.hipertension.mx\/wp-content\/uploads\/2026\/02\/enfermedades-cardiometabolicas.jpg\" alt=\"\" class=\"wp-image-34\" style=\"aspect-ratio:0.7500180570603106;width:673px;height:auto\" srcset=\"https:\/\/www.hipertension.mx\/wp-content\/uploads\/2026\/02\/enfermedades-cardiometabolicas.jpg 480w, https:\/\/www.hipertension.mx\/wp-content\/uploads\/2026\/02\/enfermedades-cardiometabolicas-225x300.jpg 225w\" sizes=\"auto, (max-width: 480px) 100vw, 480px\" \/><\/figure>\n\n\n\n<figure class=\"wp-block-image size-full\"><img loading=\"lazy\" decoding=\"async\" width=\"693\" height=\"709\" src=\"https:\/\/www.hipertension.mx\/wp-content\/uploads\/2026\/02\/bata_blanca.jpg\" alt=\"\" class=\"wp-image-35\" srcset=\"https:\/\/www.hipertension.mx\/wp-content\/uploads\/2026\/02\/bata_blanca.jpg 693w, https:\/\/www.hipertension.mx\/wp-content\/uploads\/2026\/02\/bata_blanca-293x300.jpg 293w\" sizes=\"auto, (max-width: 693px) 100vw, 693px\" \/><\/figure>\n\n\n\n<p class=\"has-vivid-cyan-blue-color has-text-color has-link-color wp-elements-4e69015a059d002b9ea5471c4f6ec1bf\"><strong>Hipertensi\u00f3n de Bata Blanca e Hipertensi\u00f3n Enmascarada<\/strong><\/p>\n\n\n\n<p class=\"has-text-color has-link-color has-large-font-size wp-elements-1ddb20e4f70acd0c93fb81f1ed5de210\" style=\"color:#015484\"><strong>\u00bfQu\u00e9 es la hipertensi\u00f3n de bata blanca?<\/strong><\/p>\n\n\n\n<p>Se presenta cuando en el consultorio se detectan cifras altas de presi\u00f3n arterial y fuera del mismo las cifras est\u00e1n normales. Se llama as\u00ed porque los m\u00e9dicos que checan la presi\u00f3n usan bata blanca. Antes se cre\u00eda que era causada por el estr\u00e9s, pero si en la segunda visita est\u00e1 normal, no se consideraba un problema. Algunos profesionales consideran que la hipertensi\u00f3n de bata blanca podr\u00eda significar que existe el riesgo de desarrollar hipertensi\u00f3n arterial real a largo plazo. A estos pacientes se les realiza un MAPA (Monitoreo Ambulatorio de la Presi\u00f3n Arterial). Este dispositivo mide la presi\u00f3n arterial las 24 hrs. y puede ayudar a determinar si esta presi\u00f3n requiere tratamiento.<\/p>\n\n\n\n<p>La hipertensi\u00f3n enmascarada es lo contrario, la presi\u00f3n est\u00e1 normal en el consultorio y alta fuera de \u00e9l. Se cree que este tipo de presi\u00f3n podr\u00edan convertirse en un problema a largo plazo. De igual manera, es \u00fatil un MAPA.<\/p>\n\n\n\n<p>Dr. Jorge Luis Narv\u00e1ez Rivera,<br>M\u00e9dico Especialista en Cardiolog\u00eda<\/p>\n\n\n\n<p><img loading=\"lazy\" decoding=\"async\" width=\"200\" height=\"34\" src=\"https:\/\/www.hipertension.mx\/images\/signature.png\" alt=\"signature-image: Dr. Jorge Luis Narv\u00e1ez Rivera\"><\/p>\n\n\n\n<p class=\"has-text-align-center has-text-color has-link-color has-large-font-size wp-elements-77ecab95915954679453bbe112138cfa\" style=\"color:#074d76;letter-spacing:6px\"><strong>Nuestros Servicios<\/strong><\/p>\n\n\n\n<div class=\"wp-block-columns is-layout-flex wp-container-core-columns-is-layout-9d6595d7 wp-block-columns-is-layout-flex\">\n<div class=\"wp-block-column is-layout-flow wp-block-column-is-layout-flow\">\n<figure class=\"wp-block-image size-large\"><a href=\"https:\/\/www.hipertension.mx\/?page_id=37\"><img loading=\"lazy\" decoding=\"async\" width=\"1024\" height=\"418\" src=\"https:\/\/www.hipertension.mx\/wp-content\/uploads\/2026\/02\/Consultas-1-1024x418.jpg\" alt=\"\" class=\"wp-image-110\" srcset=\"https:\/\/www.hipertension.mx\/wp-content\/uploads\/2026\/02\/Consultas-1-1024x418.jpg 1024w, https:\/\/www.hipertension.mx\/wp-content\/uploads\/2026\/02\/Consultas-1-300x122.jpg 300w, https:\/\/www.hipertension.mx\/wp-content\/uploads\/2026\/02\/Consultas-1-768x313.jpg 768w, https:\/\/www.hipertension.mx\/wp-content\/uploads\/2026\/02\/Consultas-1-1536x627.jpg 1536w, https:\/\/www.hipertension.mx\/wp-content\/uploads\/2026\/02\/Consultas-1-2048x836.jpg 2048w\" sizes=\"auto, (max-width: 767px) 89vw, (max-width: 1000px) 54vw, (max-width: 1071px) 543px, 580px\" \/><\/a><\/figure>\n<\/div>\n\n\n\n<div class=\"wp-block-column is-layout-flow wp-block-column-is-layout-flow\">\n<p>Servicio de Alta Calidad<\/p>\n\n\n\n<p>Otorgada por un m\u00e9dico especialista en Cardiolog\u00eda, incluye historia cl\u00ednica, exploraci\u00f3n f\u00edsica, electrocardiograma e interpretaci\u00f3n de este estudio&#8230;<\/p>\n<\/div>\n<\/div>\n\n\n\n<div class=\"wp-block-columns is-layout-flex wp-container-core-columns-is-layout-9d6595d7 wp-block-columns-is-layout-flex\">\n<div class=\"wp-block-column is-layout-flow wp-block-column-is-layout-flow\">\n<div class=\"wp-block-columns is-layout-flex wp-container-core-columns-is-layout-9d6595d7 wp-block-columns-is-layout-flex\">\n<div class=\"wp-block-column is-layout-flow wp-block-column-is-layout-flow\"><div class=\"wp-block-image\">\n<figure class=\"aligncenter size-full is-resized\"><a href=\"https:\/\/www.hipertension.mx\/?page_id=46\"><img loading=\"lazy\" decoding=\"async\" width=\"736\" height=\"682\" src=\"https:\/\/www.hipertension.mx\/wp-content\/uploads\/2026\/02\/Ecocardiograma1-1.jpg\" alt=\"\" class=\"wp-image-115\" style=\"object-fit:cover;width:90px;height:80px\" srcset=\"https:\/\/www.hipertension.mx\/wp-content\/uploads\/2026\/02\/Ecocardiograma1-1.jpg 736w, https:\/\/www.hipertension.mx\/wp-content\/uploads\/2026\/02\/Ecocardiograma1-1-300x278.jpg 300w\" sizes=\"auto, (max-width: 736px) 100vw, 736px\" \/><\/a><\/figure>\n<\/div><\/div>\n\n\n\n<div class=\"wp-block-column is-layout-flow wp-block-column-is-layout-flow\"><div class=\"wp-block-image\">\n<figure class=\"aligncenter size-full is-resized\"><a href=\"https:\/\/www.hipertension.mx\/?page_id=52\"><img loading=\"lazy\" decoding=\"async\" width=\"820\" height=\"618\" src=\"https:\/\/www.hipertension.mx\/wp-content\/uploads\/2026\/02\/check-upI.jpg\" alt=\"\" class=\"wp-image-116\" style=\"object-fit:cover;width:100px;height:80px\" srcset=\"https:\/\/www.hipertension.mx\/wp-content\/uploads\/2026\/02\/check-upI.jpg 820w, https:\/\/www.hipertension.mx\/wp-content\/uploads\/2026\/02\/check-upI-300x226.jpg 300w, https:\/\/www.hipertension.mx\/wp-content\/uploads\/2026\/02\/check-upI-768x579.jpg 768w\" sizes=\"auto, (max-width: 767px) 89vw, (max-width: 1000px) 54vw, (max-width: 1071px) 543px, 580px\" \/><\/a><\/figure>\n<\/div><\/div>\n<\/div>\n<\/div>\n\n\n\n<div class=\"wp-block-column is-layout-flow wp-block-column-is-layout-flow\">\n<div class=\"wp-block-columns is-layout-flex wp-container-core-columns-is-layout-9d6595d7 wp-block-columns-is-layout-flex\">\n<div class=\"wp-block-column is-layout-flow wp-block-column-is-layout-flow\"><div class=\"wp-block-image\">\n<figure class=\"aligncenter size-large is-resized\"><a href=\"https:\/\/www.hipertension.mx\/?page_id=57\"><img loading=\"lazy\" decoding=\"async\" width=\"1024\" height=\"599\" src=\"https:\/\/www.hipertension.mx\/wp-content\/uploads\/2026\/02\/check-upC-1024x599.jpg\" alt=\"\" class=\"wp-image-117\" style=\"object-fit:cover;width:140px;height:80px\" srcset=\"https:\/\/www.hipertension.mx\/wp-content\/uploads\/2026\/02\/check-upC-1024x599.jpg 1024w, https:\/\/www.hipertension.mx\/wp-content\/uploads\/2026\/02\/check-upC-300x175.jpg 300w, https:\/\/www.hipertension.mx\/wp-content\/uploads\/2026\/02\/check-upC-768x449.jpg 768w, https:\/\/www.hipertension.mx\/wp-content\/uploads\/2026\/02\/check-upC.jpg 1026w\" sizes=\"auto, (max-width: 767px) 89vw, (max-width: 1000px) 54vw, (max-width: 1071px) 543px, 580px\" \/><\/a><\/figure>\n<\/div><\/div>\n\n\n\n<div class=\"wp-block-column is-layout-flow wp-block-column-is-layout-flow\"><div class=\"wp-block-image\">\n<figure class=\"aligncenter size-large is-resized\"><a href=\"https:\/\/www.hipertension.mx\/?page_id=61\"><img loading=\"lazy\" decoding=\"async\" width=\"1024\" height=\"611\" src=\"https:\/\/www.hipertension.mx\/wp-content\/uploads\/2026\/02\/mapa1-1024x611.jpg\" alt=\"\" class=\"wp-image-118\" style=\"object-fit:cover;width:120px;height:80px\" srcset=\"https:\/\/www.hipertension.mx\/wp-content\/uploads\/2026\/02\/mapa1-1024x611.jpg 1024w, https:\/\/www.hipertension.mx\/wp-content\/uploads\/2026\/02\/mapa1-300x179.jpg 300w, https:\/\/www.hipertension.mx\/wp-content\/uploads\/2026\/02\/mapa1-768x458.jpg 768w, https:\/\/www.hipertension.mx\/wp-content\/uploads\/2026\/02\/mapa1.jpg 1184w\" sizes=\"auto, (max-width: 767px) 89vw, (max-width: 1000px) 54vw, (max-width: 1071px) 543px, 580px\" \/><\/a><\/figure>\n<\/div><\/div>\n<\/div>\n<\/div>\n<\/div>\n\n\n\n<figure class=\"wp-block-image size-large\"><img loading=\"lazy\" decoding=\"async\" width=\"1024\" height=\"576\" src=\"https:\/\/www.hipertension.mx\/wp-content\/uploads\/2026\/02\/NecesitaAyuda-1024x576.jpg\" alt=\"\" class=\"wp-image-122\" srcset=\"https:\/\/www.hipertension.mx\/wp-content\/uploads\/2026\/02\/NecesitaAyuda-1024x576.jpg 1024w, https:\/\/www.hipertension.mx\/wp-content\/uploads\/2026\/02\/NecesitaAyuda-300x169.jpg 300w, https:\/\/www.hipertension.mx\/wp-content\/uploads\/2026\/02\/NecesitaAyuda-768x432.jpg 768w, https:\/\/www.hipertension.mx\/wp-content\/uploads\/2026\/02\/NecesitaAyuda-1536x864.jpg 1536w, https:\/\/www.hipertension.mx\/wp-content\/uploads\/2026\/02\/NecesitaAyuda-2048x1152.jpg 2048w\" sizes=\"auto, (max-width: 767px) 89vw, (max-width: 1000px) 54vw, (max-width: 1071px) 543px, 580px\" \/><\/figure>\n\n\n\n<div class=\"wp-block-columns is-layout-flex wp-container-core-columns-is-layout-9d6595d7 wp-block-columns-is-layout-flex\">\n<div class=\"wp-block-column is-layout-flow wp-block-column-is-layout-flow\"><\/div>\n\n\n\n<div class=\"wp-block-column is-layout-flow wp-block-column-is-layout-flow\"><\/div>\n<\/div>\n","protected":false},"excerpt":{"rendered":"<p>\u201cNos ocupamos de los asuntos de tu coraz\u00f3n\u201d Dedicados al cuidado del coraz\u00f3n con la misi\u00f3n de mejorar la prevenci\u00f3n, el diagn\u00f3stico y el tratamiento de las enfermedades cardiometab\u00f3licas: hipertensi\u00f3n arterial, prediabetes, diabetes mellitus tipo 2 y dislipidemias (Colesterol y triglic\u00e9ridos) C\u00f3mo medir la Presi\u00f3n Arterial Enfermedades cardiometab\u00f3licas \u00bfQu\u00e9 son las enfermedades cardiometab\u00f3licas? Las enfermedades &hellip; <\/p>\n<p class=\"link-more\"><a href=\"https:\/\/www.hipertension.mx\/\" class=\"more-link\">Continuar leyendo<span class=\"screen-reader-text\"> \u00abHipertensi\u00f3n arterial y\u00a0 Salud Cardiometab\u00f3lica\u00bb<\/span><\/a><\/p>\n","protected":false},"author":1,"featured_media":0,"parent":0,"menu_order":0,"comment_status":"closed","ping_status":"closed","template":"","meta":{"_joinchat":[],"footnotes":""},"class_list":["post-12","page","type-page","status-publish","hentry"],"_links":{"self":[{"href":"https:\/\/www.hipertension.mx\/index.php?rest_route=\/wp\/v2\/pages\/12","targetHints":{"allow":["GET"]}}],"collection":[{"href":"https:\/\/www.hipertension.mx\/index.php?rest_route=\/wp\/v2\/pages"}],"about":[{"href":"https:\/\/www.hipertension.mx\/index.php?rest_route=\/wp\/v2\/types\/page"}],"author":[{"embeddable":true,"href":"https:\/\/www.hipertension.mx\/index.php?rest_route=\/wp\/v2\/users\/1"}],"replies":[{"embeddable":true,"href":"https:\/\/www.hipertension.mx\/index.php?rest_route=%2Fwp%2Fv2%2Fcomments&post=12"}],"version-history":[{"count":15,"href":"https:\/\/www.hipertension.mx\/index.php?rest_route=\/wp\/v2\/pages\/12\/revisions"}],"predecessor-version":[{"id":147,"href":"https:\/\/www.hipertension.mx\/index.php?rest_route=\/wp\/v2\/pages\/12\/revisions\/147"}],"wp:attachment":[{"href":"https:\/\/www.hipertension.mx\/index.php?rest_route=%2Fwp%2Fv2%2Fmedia&parent=12"}],"curies":[{"name":"wp","href":"https:\/\/api.w.org\/{rel}","templated":true}]}}